{"id":5692,"date":"2024-11-26T12:11:50","date_gmt":"2024-11-26T11:11:50","guid":{"rendered":"https:\/\/adaptivegrc.com\/?page_id=5692"},"modified":"2025-03-10T13:54:12","modified_gmt":"2025-03-10T12:54:12","slug":"dziekujemy-za-pobranie-e-booka","status":"publish","type":"page","link":"https:\/\/adaptivegrc.com\/pl\/dziekujemy-za-pobranie-e-booka\/","title":{"rendered":"Dzi\u0119kujemy za pobranie E-booka!"},"content":{"rendered":"\n<div class=\"wp-block-uagb-container uagb-block-04a6d5cf alignfull uagb-is-root-container\"><div class=\"uagb-container-inner-blocks-wrap\">\n<div class=\"wp-block-columns is-layout-flex wp-container-core-columns-is-layout-9d6595d7 wp-block-columns-is-layout-flex\">\n<div class=\"wp-block-column is-layout-flow wp-block-column-is-layout-flow\" style=\"flex-basis:50%\">\n<div style=\"height:31px\" aria-hidden=\"true\" class=\"wp-block-spacer\"><\/div>\n\n\n\n<div style=\"height:27px\" aria-hidden=\"true\" class=\"wp-block-spacer\"><\/div>\n\n\n\n<div class=\"wp-block-uagb-advanced-heading uagb-block-55fa4c5e\"><p class=\"uagb-heading-text\"><strong>Wys\u0142ali\u015bmy e-book &#8222;Zarz\u0105dzanie ryzykiem w audycie wewn\u0119trznym&#8221; na podany przez Ciebie adres <strong>email<\/strong><\/strong><\/p><p class=\"uagb-desc-text\"><strong>Mo\u017cesz go r\u00f3wnie\u017c pobra\u0107 bezpo\u015brednio, klikaj\u0105c w przycisk poni\u017cej.<br><\/strong><\/p><\/div>\n\n\n\n<div class=\"wp-block-uagb-buttons uagb-buttons__outer-wrap uagb-btn__default-btn uagb-btn-tablet__default-btn uagb-btn-mobile__default-btn uagb-block-4b821012\"><div class=\"uagb-buttons__wrap uagb-buttons-layout-wrap \">\n<div class=\"wp-block-uagb-buttons-child uagb-buttons__outer-wrap uagb-block-0ae09dc6 wp-block-button\"><div class=\"uagb-button__wrapper\"><a class=\"uagb-buttons-repeater wp-block-button__link\" aria-label=\"\" href=\"https:\/\/adaptivegrc.com\/wp-content\/uploads\/2024\/12\/Ryzyko_w_audycie_wewnetrznym.pdf\" rel=\"follow noopener\" target=\"_blank\" role=\"button\"><div class=\"uagb-button__link\">Pobierz tutaj<\/div><\/a><\/div><\/div>\n<\/div><\/div>\n<\/div>\n\n\n\n<div class=\"wp-block-column is-layout-flow wp-block-column-is-layout-flow\" style=\"flex-basis:5%\"><\/div>\n\n\n\n<div class=\"wp-block-column is-layout-flow wp-block-column-is-layout-flow\" style=\"flex-basis:45%\">\n<div class=\"wp-block-uagb-image uagb-block-a6653607 wp-block-uagb-image--layout-default wp-block-uagb-image--effect-static wp-block-uagb-image--align-none\"><figure class=\"wp-block-uagb-image__figure\"><img decoding=\"async\" srcset=\"https:\/\/adaptivegrc.com\/wp-content\/uploads\/2024\/11\/Ebook_mockup_01_2.png ,https:\/\/adaptivegrc.com\/wp-content\/uploads\/2024\/11\/Ebook_mockup_01_2.png 780w, https:\/\/adaptivegrc.com\/wp-content\/uploads\/2024\/11\/Ebook_mockup_01_2.png 360w\" sizes=\"auto, (max-width: 480px) 150px\" src=\"https:\/\/adaptivegrc.com\/wp-content\/uploads\/2024\/11\/Ebook_mockup_01_2.png\" alt=\"\" class=\"uag-image-5661\" width=\"1954\" height=\"1516\" title=\"\" loading=\"lazy\" role=\"img\"\/><\/figure><\/div>\n<\/div>\n<\/div>\n\n\n\n<div style=\"height:27px\" aria-hidden=\"true\" class=\"wp-block-spacer\"><\/div>\n\n\n\n<div class=\"wp-block-uagb-advanced-heading uagb-block-58ca2fde\"><h3 class=\"uagb-heading-text\" id=\"artykuly-ktore-moga-cie-zainteresowac\">Artyku\u0142y, kt\u00f3re mog\u0105 Ci\u0119 zainteresowa\u0107<\/h3><\/div>\n\n\n\n<div style=\"height:27px\" aria-hidden=\"true\" class=\"wp-block-spacer\"><\/div>\n\n\n\n\t\t\t<div class=\"wp-block-uagb-post-grid uagb-post-grid  uagb-post__image-position-top uagb-post__image-enabled uagb-block-81f80fbd     uagb-post__items uagb-post__columns-3 is-grid uagb-post__columns-tablet-2 uagb-post__columns-mobile-1 uagb-post__equal-height\" data-total=\"1\" style=\"\">\n\n\t\t\t\t\t\t\t\t\t\t\t\t<article class=\"uagb-post__inner-wrap\">\t\t\t\t\t\t\t\t<div class='uagb-post__image'>\n\t\t\t\t\t\t\t\t\t<a href=\"https:\/\/adaptivegrc.com\/pl\/materialy\/artykuly\/rola-audytu-wewnetrznego-w-zapewnianiu-ladu-korporacyjnego-adaptivegrc\/\" target=\"_self\" rel=\"bookmark noopener noreferrer\" class='uagb-image-ratio-2-3'><img decoding=\"async\" width=\"640\" height=\"240\" src=\"https:\/\/adaptivegrc.com\/wp-content\/uploads\/2024\/06\/Rola-audytu-wewnetrznego-w-zapewnianiu-ladu-korporacyjnego.jpg\" class=\"attachment-large size-large\" alt=\"\" srcset=\"https:\/\/adaptivegrc.com\/wp-content\/uploads\/2024\/06\/Rola-audytu-wewnetrznego-w-zapewnianiu-ladu-korporacyjnego.jpg 800w, https:\/\/adaptivegrc.com\/wp-content\/uploads\/2024\/06\/Rola-audytu-wewnetrznego-w-zapewnianiu-ladu-korporacyjnego-300x113.jpg 300w, https:\/\/adaptivegrc.com\/wp-content\/uploads\/2024\/06\/Rola-audytu-wewnetrznego-w-zapewnianiu-ladu-korporacyjnego-768x288.jpg 768w, https:\/\/adaptivegrc.com\/wp-content\/uploads\/2024\/06\/Rola-audytu-wewnetrznego-w-zapewnianiu-ladu-korporacyjnego-200x75.jpg 200w\" sizes=\"(max-width: 640px) 100vw, 640px\" \/>\t\t\t\t\t<\/a>\n\t\t\t\t\t\t\t<\/div>\n\t\t\t\t\t\t<h4 class=\"uagb-post__title uagb-post__text\">\n\t\t\t\t<a href=\"https:\/\/adaptivegrc.com\/pl\/materialy\/artykuly\/rola-audytu-wewnetrznego-w-zapewnianiu-ladu-korporacyjnego-adaptivegrc\/\" target=\"_self\" rel=\"bookmark noopener noreferrer\">Rola audytu wewn\u0119trznego w zapewnianiu \u0142adu korporacyjnego<\/a>\n\t\t\t<\/h4>\n\t\t\t\t\t\t<div class='uagb-post__text uagb-post-grid-byline'>\n\t\t\t\t\t\t\t<\/div>\n\t\t\t\t\t\t<div class=\"uagb-post__text uagb-post__cta wp-block-button\">\n\t\t\t\t<a class=\"wp-block-button__link uagb-text-link\" style=\"\" href=\"https:\/\/adaptivegrc.com\/pl\/materialy\/artykuly\/rola-audytu-wewnetrznego-w-zapewnianiu-ladu-korporacyjnego-adaptivegrc\/\" target=\"_self\" rel=\"bookmark noopener noreferrer\">Czytaj wi\u0119cej<\/a>\n\t\t\t<\/div>\n\t\t\t\n\t\t\t\t\t\t\t\t\t<\/article>\n\t\t\t\t\t\t\t\t\t\t\t\t\t\t\t\t<article class=\"uagb-post__inner-wrap\">\t\t\t\t\t\t\t\t<div class='uagb-post__image'>\n\t\t\t\t\t\t\t\t\t<a href=\"https:\/\/adaptivegrc.com\/pl\/materialy\/artykuly\/co-to-sa-capa-dzialania-korygujace-i-zapobiegawcze\/\" target=\"_self\" rel=\"bookmark noopener noreferrer\" class='uagb-image-ratio-2-3'><img decoding=\"async\" width=\"640\" height=\"480\" src=\"https:\/\/adaptivegrc.com\/wp-content\/uploads\/2024\/01\/Co-to-sa-CAPA-1024x768.png\" class=\"attachment-large size-large\" alt=\"\" srcset=\"https:\/\/adaptivegrc.com\/wp-content\/uploads\/2024\/01\/Co-to-sa-CAPA-1024x768.png 1024w, https:\/\/adaptivegrc.com\/wp-content\/uploads\/2024\/01\/Co-to-sa-CAPA-300x225.png 300w, https:\/\/adaptivegrc.com\/wp-content\/uploads\/2024\/01\/Co-to-sa-CAPA-768x576.png 768w, https:\/\/adaptivegrc.com\/wp-content\/uploads\/2024\/01\/Co-to-sa-CAPA-1536x1152.png 1536w, https:\/\/adaptivegrc.com\/wp-content\/uploads\/2024\/01\/Co-to-sa-CAPA-2048x1536.png 2048w, https:\/\/adaptivegrc.com\/wp-content\/uploads\/2024\/01\/Co-to-sa-CAPA-133x100.png 133w\" sizes=\"(max-width: 640px) 100vw, 640px\" \/>\t\t\t\t\t<\/a>\n\t\t\t\t\t\t\t<\/div>\n\t\t\t\t\t\t<h4 class=\"uagb-post__title uagb-post__text\">\n\t\t\t\t<a href=\"https:\/\/adaptivegrc.com\/pl\/materialy\/artykuly\/co-to-sa-capa-dzialania-korygujace-i-zapobiegawcze\/\" target=\"_self\" rel=\"bookmark noopener noreferrer\">Co to s\u0105 CAPA (dzia\u0142ania koryguj\u0105ce i zapobiegawcze)?<\/a>\n\t\t\t<\/h4>\n\t\t\t\t\t\t<div class='uagb-post__text uagb-post-grid-byline'>\n\t\t\t\t\t\t\t<\/div>\n\t\t\t\t\t\t<div class=\"uagb-post__text uagb-post__cta wp-block-button\">\n\t\t\t\t<a class=\"wp-block-button__link uagb-text-link\" style=\"\" href=\"https:\/\/adaptivegrc.com\/pl\/materialy\/artykuly\/co-to-sa-capa-dzialania-korygujace-i-zapobiegawcze\/\" target=\"_self\" rel=\"bookmark noopener noreferrer\">Czytaj wi\u0119cej<\/a>\n\t\t\t<\/div>\n\t\t\t\n\t\t\t\t\t\t\t\t\t<\/article>\n\t\t\t\t\t\t\t\t\t\t\t\t\t\t\t\t<article class=\"uagb-post__inner-wrap\">\t\t\t\t\t\t\t\t<div class='uagb-post__image'>\n\t\t\t\t\t\t\t\t\t<a href=\"https:\/\/adaptivegrc.com\/pl\/materialy\/artykuly\/jak-audytorzy-wewnetrzni-powinni-wspolpracowac-z-zarzadem\/\" target=\"_self\" rel=\"bookmark noopener noreferrer\" class='uagb-image-ratio-2-3'><img decoding=\"async\" width=\"640\" height=\"427\" src=\"https:\/\/adaptivegrc.com\/wp-content\/uploads\/2023\/02\/How-should-Internal-Auditors-work-with-The-Board-of-Directors-1024x683.jpeg\" class=\"attachment-large size-large\" alt=\"\" srcset=\"https:\/\/adaptivegrc.com\/wp-content\/uploads\/2023\/02\/How-should-Internal-Auditors-work-with-The-Board-of-Directors-1024x683.jpeg 1024w, https:\/\/adaptivegrc.com\/wp-content\/uploads\/2023\/02\/How-should-Internal-Auditors-work-with-The-Board-of-Directors-300x200.jpeg 300w, https:\/\/adaptivegrc.com\/wp-content\/uploads\/2023\/02\/How-should-Internal-Auditors-work-with-The-Board-of-Directors-768x512.jpeg 768w, https:\/\/adaptivegrc.com\/wp-content\/uploads\/2023\/02\/How-should-Internal-Auditors-work-with-The-Board-of-Directors-1536x1024.jpeg 1536w, https:\/\/adaptivegrc.com\/wp-content\/uploads\/2023\/02\/How-should-Internal-Auditors-work-with-The-Board-of-Directors-2048x1366.jpeg 2048w, https:\/\/adaptivegrc.com\/wp-content\/uploads\/2023\/02\/How-should-Internal-Auditors-work-with-The-Board-of-Directors-150x100.jpeg 150w\" sizes=\"(max-width: 640px) 100vw, 640px\" \/>\t\t\t\t\t<\/a>\n\t\t\t\t\t\t\t<\/div>\n\t\t\t\t\t\t<h4 class=\"uagb-post__title uagb-post__text\">\n\t\t\t\t<a href=\"https:\/\/adaptivegrc.com\/pl\/materialy\/artykuly\/jak-audytorzy-wewnetrzni-powinni-wspolpracowac-z-zarzadem\/\" target=\"_self\" rel=\"bookmark noopener noreferrer\">Jak audytorzy wewn\u0119trzni powinni wsp\u00f3\u0142pracowa\u0107 z Zarz\u0105dem?<\/a>\n\t\t\t<\/h4>\n\t\t\t\t\t\t<div class='uagb-post__text uagb-post-grid-byline'>\n\t\t\t\t\t\t\t<\/div>\n\t\t\t\t\t\t<div class=\"uagb-post__text uagb-post__cta wp-block-button\">\n\t\t\t\t<a class=\"wp-block-button__link uagb-text-link\" style=\"\" href=\"https:\/\/adaptivegrc.com\/pl\/materialy\/artykuly\/jak-audytorzy-wewnetrzni-powinni-wspolpracowac-z-zarzadem\/\" target=\"_self\" rel=\"bookmark noopener noreferrer\">Czytaj wi\u0119cej<\/a>\n\t\t\t<\/div>\n\t\t\t\n\t\t\t\t\t\t\t\t\t<\/article>\n\t\t\t\t\t\t\t\t\t\t\t<\/div>\n\t\t\t\n\n\n<div style=\"height:100px\" aria-hidden=\"true\" class=\"wp-block-spacer\"><\/div>\n<\/div><\/div>\n","protected":false},"excerpt":{"rendered":"<p>Je\u015bli Zarz\u0105d nie uwa\u017ca Audyt\u00f3w Wewn\u0119trznych za kluczowy element dzia\u0142alno\u015bci firmy, mo\u017ce to oznacza\u0107, \u017ce albo Zarz\u0105d nie dostrzega istotno\u015bci tego obszaru, albo Audyty Wewn\u0119trzne nie&#8230;<\/p>\n","protected":false},"author":3,"featured_media":5138,"parent":0,"menu_order":0,"comment_status":"closed","ping_status":"closed","template":"page-template-gutenberg-landing.php","meta":{"_acf_changed":false,"_eb_attr":"","inline_featured_image":false,"_uag_custom_page_level_css":"","footnotes":""},"class_list":["post-5692","page","type-page","status-publish","has-post-thumbnail","hentry"],"acf":[],"uagb_featured_image_src":{"full":["https:\/\/adaptivegrc.com\/wp-content\/uploads\/2024\/11\/baner-umow-demo-scaled.jpg",2560,1280,false],"thumbnail":["https:\/\/adaptivegrc.com\/wp-content\/uploads\/2024\/11\/baner-umow-demo-150x150.jpg",150,150,true],"medium":["https:\/\/adaptivegrc.com\/wp-content\/uploads\/2024\/11\/baner-umow-demo-300x150.jpg",300,150,true],"medium_large":["https:\/\/adaptivegrc.com\/wp-content\/uploads\/2024\/11\/baner-umow-demo-768x384.jpg",640,320,true],"large":["https:\/\/adaptivegrc.com\/wp-content\/uploads\/2024\/11\/baner-umow-demo-1024x512.jpg",640,320,true],"1536x1536":["https:\/\/adaptivegrc.com\/wp-content\/uploads\/2024\/11\/baner-umow-demo-1536x768.jpg",1536,768,true],"2048x2048":["https:\/\/adaptivegrc.com\/wp-content\/uploads\/2024\/11\/baner-umow-demo-2048x1024.jpg",2048,1024,true],"logo":["https:\/\/adaptivegrc.com\/wp-content\/uploads\/2024\/11\/baner-umow-demo-200x100.jpg",200,100,true]},"uagb_author_info":{"display_name":"Kamil Ekiert","author_link":"https:\/\/adaptivegrc.com\/pl\/author\/keki\/"},"uagb_comment_info":0,"uagb_excerpt":"Je\u015bli Zarz\u0105d nie uwa\u017ca Audyt\u00f3w Wewn\u0119trznych za kluczowy element dzia\u0142alno\u015bci firmy, mo\u017ce to oznacza\u0107, \u017ce albo Zarz\u0105d nie dostrzega istotno\u015bci tego obszaru, albo Audyty Wewn\u0119trzne nie...","_links":{"self":[{"href":"https:\/\/adaptivegrc.com\/pl\/wp-json\/wp\/v2\/pages\/5692","targetHints":{"allow":["GET"]}}],"collection":[{"href":"https:\/\/adaptivegrc.com\/pl\/wp-json\/wp\/v2\/pages"}],"about":[{"href":"https:\/\/adaptivegrc.com\/pl\/wp-json\/wp\/v2\/types\/page"}],"author":[{"embeddable":true,"href":"https:\/\/adaptivegrc.com\/pl\/wp-json\/wp\/v2\/users\/3"}],"replies":[{"embeddable":true,"href":"https:\/\/adaptivegrc.com\/pl\/wp-json\/wp\/v2\/comments?post=5692"}],"version-history":[{"count":4,"href":"https:\/\/adaptivegrc.com\/pl\/wp-json\/wp\/v2\/pages\/5692\/revisions"}],"predecessor-version":[{"id":6553,"href":"https:\/\/adaptivegrc.com\/pl\/wp-json\/wp\/v2\/pages\/5692\/revisions\/6553"}],"wp:featuredmedia":[{"embeddable":true,"href":"https:\/\/adaptivegrc.com\/pl\/wp-json\/wp\/v2\/media\/5138"}],"wp:attachment":[{"href":"https:\/\/adaptivegrc.com\/pl\/wp-json\/wp\/v2\/media?parent=5692"}],"curies":[{"name":"wp","href":"https:\/\/api.w.org\/{rel}","templated":true}]}}