{"id":2009,"date":"2023-10-18T16:14:10","date_gmt":"2023-10-18T14:14:10","guid":{"rendered":"https:\/\/adaptivegrc.com\/?page_id=2009"},"modified":"2024-12-20T10:05:28","modified_gmt":"2024-12-20T09:05:28","slug":"dziekujemy-za-wypelnienie-formularza-2","status":"publish","type":"page","link":"https:\/\/adaptivegrc.com\/pl\/dziekujemy-za-wypelnienie-formularza-2\/","title":{"rendered":"Dzi\u0119kujemy za wype\u0142nienie formularza"},"content":{"rendered":"\n<div style=\"height:20px\" aria-hidden=\"true\" class=\"wp-block-spacer\"><\/div>\n\n\n\n<p>Nasz ekspert wkr\u00f3tce si\u0119 z Tob\u0105 skontaktuje.<\/p>\n\n\n\n<p>Serdecznie pozdrawiamy<\/p>\n\n\n\n<div style=\"height:275px\" aria-hidden=\"true\" class=\"wp-block-spacer\"><\/div>\n","protected":false},"excerpt":{"rendered":"<p>Nasz ekspert wkr\u00f3tce si\u0119 z Tob\u0105 skontaktuje. Serdecznie pozdrawiamy<\/p>\n","protected":false},"author":3,"featured_media":0,"parent":0,"menu_order":502,"comment_status":"closed","ping_status":"closed","template":"","meta":{"_acf_changed":false,"_eb_attr":"","inline_featured_image":false,"_uag_custom_page_level_css":"","footnotes":""},"class_list":["post-2009","page","type-page","status-publish","hentry"],"acf":[],"uagb_featured_image_src":{"full":false,"thumbnail":false,"medium":false,"medium_large":false,"large":false,"1536x1536":false,"2048x2048":false,"logo":false},"uagb_author_info":{"display_name":"Kamil Ekiert","author_link":"https:\/\/adaptivegrc.com\/pl\/author\/keki\/"},"uagb_comment_info":0,"uagb_excerpt":"Nasz ekspert wkr\u00f3tce si\u0119 z Tob\u0105 skontaktuje. Serdecznie pozdrawiamy","_links":{"self":[{"href":"https:\/\/adaptivegrc.com\/pl\/wp-json\/wp\/v2\/pages\/2009","targetHints":{"allow":["GET"]}}],"collection":[{"href":"https:\/\/adaptivegrc.com\/pl\/wp-json\/wp\/v2\/pages"}],"about":[{"href":"https:\/\/adaptivegrc.com\/pl\/wp-json\/wp\/v2\/types\/page"}],"author":[{"embeddable":true,"href":"https:\/\/adaptivegrc.com\/pl\/wp-json\/wp\/v2\/users\/3"}],"replies":[{"embeddable":true,"href":"https:\/\/adaptivegrc.com\/pl\/wp-json\/wp\/v2\/comments?post=2009"}],"version-history":[{"count":11,"href":"https:\/\/adaptivegrc.com\/pl\/wp-json\/wp\/v2\/pages\/2009\/revisions"}],"predecessor-version":[{"id":4350,"href":"https:\/\/adaptivegrc.com\/pl\/wp-json\/wp\/v2\/pages\/2009\/revisions\/4350"}],"wp:attachment":[{"href":"https:\/\/adaptivegrc.com\/pl\/wp-json\/wp\/v2\/media?parent=2009"}],"curies":[{"name":"wp","href":"https:\/\/api.w.org\/{rel}","templated":true}]}}