{"id":1195,"date":"2023-05-10T16:54:58","date_gmt":"2023-05-10T14:54:58","guid":{"rendered":"https:\/\/adaptivegrc.com\/?page_id=1195"},"modified":"2024-12-20T10:05:12","modified_gmt":"2024-12-20T09:05:12","slug":"dziekujemy-za-wypelnienie-formularza","status":"publish","type":"page","link":"https:\/\/adaptivegrc.com\/pl\/dziekujemy-za-wypelnienie-formularza\/","title":{"rendered":"Dzi\u0119kujemy za wype\u0142nienie formularza AdaptiveBION"},"content":{"rendered":"\n<p>Z ch\u0119ci\u0105 wyja\u015bnimy, w jaki spos\u00f3b rozwi\u0105zania oferowane przez AdaptiveBION mog\u0105 odpowiedzie\u0107 na Twoje potrzeby.<\/p>\n\n\n\n<p>Nasz ekspert wkr\u00f3tce si\u0119 z Tob\u0105 skontaktuje.<\/p>\n\n\n\n<p>Serdecznie pozdrawiamy,<br>Zesp\u00f3\u0142 AdaptiveGRC &#8211; BION<\/p>\n","protected":false},"excerpt":{"rendered":"<p>Z ch\u0119ci\u0105 wyja\u015bnimy, w jaki spos\u00f3b rozwi\u0105zania oferowane przez AdaptiveBION mog\u0105 odpowiedzie\u0107 na Twoje potrzeby. Nasz ekspert wkr\u00f3tce si\u0119 z Tob\u0105 skontaktuje. Serdecznie pozdrawiamy,Zesp\u00f3\u0142&#8230;<\/p>\n","protected":false},"author":2,"featured_media":0,"parent":0,"menu_order":502,"comment_status":"closed","ping_status":"closed","template":"","meta":{"_acf_changed":false,"_eb_attr":"","inline_featured_image":false,"_uag_custom_page_level_css":"","footnotes":""},"class_list":["post-1195","page","type-page","status-publish","hentry"],"acf":[],"uagb_featured_image_src":{"full":false,"thumbnail":false,"medium":false,"medium_large":false,"large":false,"1536x1536":false,"2048x2048":false,"logo":false},"uagb_author_info":{"display_name":"Tomasz Zawisny","author_link":"https:\/\/adaptivegrc.com\/pl\/author\/tzaw\/"},"uagb_comment_info":0,"uagb_excerpt":"Z ch\u0119ci\u0105 wyja\u015bnimy, w jaki spos\u00f3b rozwi\u0105zania oferowane przez AdaptiveBION mog\u0105 odpowiedzie\u0107 na Twoje potrzeby. Nasz ekspert wkr\u00f3tce si\u0119 z Tob\u0105 skontaktuje. Serdecznie pozdrawiamy,Zesp\u00f3\u0142...","_links":{"self":[{"href":"https:\/\/adaptivegrc.com\/pl\/wp-json\/wp\/v2\/pages\/1195","targetHints":{"allow":["GET"]}}],"collection":[{"href":"https:\/\/adaptivegrc.com\/pl\/wp-json\/wp\/v2\/pages"}],"about":[{"href":"https:\/\/adaptivegrc.com\/pl\/wp-json\/wp\/v2\/types\/page"}],"author":[{"embeddable":true,"href":"https:\/\/adaptivegrc.com\/pl\/wp-json\/wp\/v2\/users\/2"}],"replies":[{"embeddable":true,"href":"https:\/\/adaptivegrc.com\/pl\/wp-json\/wp\/v2\/comments?post=1195"}],"version-history":[{"count":4,"href":"https:\/\/adaptivegrc.com\/pl\/wp-json\/wp\/v2\/pages\/1195\/revisions"}],"predecessor-version":[{"id":4349,"href":"https:\/\/adaptivegrc.com\/pl\/wp-json\/wp\/v2\/pages\/1195\/revisions\/4349"}],"wp:attachment":[{"href":"https:\/\/adaptivegrc.com\/pl\/wp-json\/wp\/v2\/media?parent=1195"}],"curies":[{"name":"wp","href":"https:\/\/api.w.org\/{rel}","templated":true}]}}